{"id":131,"date":"2017-12-13T16:48:11","date_gmt":"2017-12-13T15:48:11","guid":{"rendered":"http:\/\/wp.mmj-edv.de\/?page_id=131"},"modified":"2017-12-13T16:56:24","modified_gmt":"2017-12-13T15:56:24","slug":"impressum","status":"publish","type":"page","link":"http:\/\/wp.mmj-edv.de\/?page_id=131","title":{"rendered":"Impressum"},"content":{"rendered":"<blockquote><p>MMJ-EDV-Organisation &amp; Beratung Martin M. Juilfs<\/p>\n<p>Inhaber: Martin M. Juilfs<\/p>\n<p>Kirchseelter Stra\u00dfe 2a<\/p>\n<p>28259 Bremen<\/p>\n<p>Tel.: +49 4 21 \/ 70 16 20<\/p>\n<p>Fax: +49 4 21 \/ 70 14 01<\/p>\n<p>Email: info@mmj-edv.de<\/p>\n<p>Gerichtsstand: Bremen<\/p><\/blockquote>\n<div>\n<hr \/>\n<\/div>\n<h2>Rechtlicher Hinweis<\/h2>\n<div>\n<div>\n<p><b>Rechtlich ist man f\u00fcr Links, die man einf\u00fcgt, verantwortlich. Daher dieser Hinweis:<\/b>Mit Urteil vom 12. Mai 1998 hat das Landgericht Hamburg entschieden, dass man durch die Ausbringung eines Links die Inhalte der gelinkten Seite ggf. mit zu verantworten hat. Dies kann, so das LG, nur dadurch verhindert werden, indem man sich ausdr\u00fccklich von diesen Inhalten distanziert.<\/p>\n<p>Somit m\u00f6chte ich als Webmaster im Namen der Firma mmj-EDV dem gerecht werden. Wir k\u00f6nnen keine Verantwortung f\u00fcr Links geben, die zwar von uns gut ausgew\u00e4hlt wurden, aber sich nat\u00fcrlich \u00e4ndern k\u00f6nnen, oder Weiterleitungen und Links enthalten m\u00f6gen, die nicht unseren Vorstellungen entsprechen.<\/p>\n<p><b>F\u00fcr alle diese Links gilt:<\/b>Wir erkl\u00e4ren ausdr\u00fccklich, dass keinerlei Einfluss auf die Gestaltung und die Inhalte der gelinkten Seiten genommen werden kann. Deshalb distanzieren wir uns hiermit ausdr\u00fccklich von allen Inhalten aller gelinkten Seiten auf unserer Internetpr\u00e4senz und machen uns diese Inhalte nicht zu Eigen. Diese Erkl\u00e4rung gilt f\u00fcr alle auf dieser Internetpr\u00e4senz angezeigten Links und f\u00fcr alle Inhalte der Seiten, zu denen die bei uns Links f\u00fchren.<\/p>\n<p><b>Disclaimer<\/b>Alle Firmennamen und Logos, alle Namen von Produkten und Dienstleistungen sowie alle weiteren Warenzeichen sind Eigentum der entsprechenden Inhaber. Alle Bez\u00fcge meinerseits auf Produkt- und Markennamen, auf Firmen, auf Dienstleistungen sowie Links auf Informationen von Dritten bedeuten nicht notwendigerweise meine Billigung, Unterst\u00fctzung oder Empfehlung der dritten Person, der von Ihr angebotenen Informationen, Produkte oder Dienstleistungen.<\/p>\n<\/div>\n<\/div>\n<div><\/div>\n","protected":false},"excerpt":{"rendered":"<p>MMJ-EDV-Organisation &amp; Beratung Martin M. Juilfs Inhaber: Martin M. Juilfs Kirchseelter Stra\u00dfe 2a 28259 Bremen Tel.: +49 4 21 \/ 70 16 20 Fax: +49 4 21 \/ 70 14 01 Email: info@mmj-edv.de Gerichtsstand: Bremen Rechtlicher Hinweis Rechtlich ist man f\u00fcr Links, die man einf\u00fcgt, verantwortlich. Daher dieser Hinweis:Mit Urteil vom 12. Mai 1998 hat<\/p>\n<p class=\"more-link\"><a href=\"http:\/\/wp.mmj-edv.de\/?page_id=131\" class=\"themebutton\">Read More<\/a><\/p>\n","protected":false},"author":1,"featured_media":0,"parent":0,"menu_order":0,"comment_status":"closed","ping_status":"closed","template":"","meta":[],"_links":{"self":[{"href":"http:\/\/wp.mmj-edv.de\/index.php?rest_route=\/wp\/v2\/pages\/131"}],"collection":[{"href":"http:\/\/wp.mmj-edv.de\/index.php?rest_route=\/wp\/v2\/pages"}],"about":[{"href":"http:\/\/wp.mmj-edv.de\/index.php?rest_route=\/wp\/v2\/types\/page"}],"author":[{"embeddable":true,"href":"http:\/\/wp.mmj-edv.de\/index.php?rest_route=\/wp\/v2\/users\/1"}],"replies":[{"embeddable":true,"href":"http:\/\/wp.mmj-edv.de\/index.php?rest_route=%2Fwp%2Fv2%2Fcomments&post=131"}],"version-history":[{"count":5,"href":"http:\/\/wp.mmj-edv.de\/index.php?rest_route=\/wp\/v2\/pages\/131\/revisions"}],"predecessor-version":[{"id":140,"href":"http:\/\/wp.mmj-edv.de\/index.php?rest_route=\/wp\/v2\/pages\/131\/revisions\/140"}],"wp:attachment":[{"href":"http:\/\/wp.mmj-edv.de\/index.php?rest_route=%2Fwp%2Fv2%2Fmedia&parent=131"}],"curies":[{"name":"wp","href":"https:\/\/api.w.org\/{rel}","templated":true}]}}