{"id":43,"date":"2017-12-04T13:20:39","date_gmt":"2017-12-04T13:20:39","guid":{"rendered":"http:\/\/wp.mmj-edv.de\/?page_id=43"},"modified":"2017-12-06T16:19:12","modified_gmt":"2017-12-06T15:19:12","slug":"sachverstaendiger","status":"publish","type":"page","link":"http:\/\/wp.mmj-edv.de\/?page_id=43","title":{"rendered":"Sachverst\u00e4ndiger"},"content":{"rendered":"<blockquote><p>Wenn mal etwas schief geht oder unterschiedliche Meinungen \u00fcber die Umsetzung von IT-Projekten bestehen, kann eine unabh\u00e4ngige und sachverst\u00e4ndige Meinung wichtig werden.<\/p><\/blockquote>\n<h2 class=\"western\">Streit, \u00c4rger, Ungereimtheiten bei IT Projekten?<\/h2>\n<p>Haben Sie Probleme bei der Umsetzung eines IT-Projektes? H\u00e4lt die erworbene Software nicht das, was Ihnen versprochen worden ist? Laufen Ihnen die Kosten f\u00fcr ein Projekt davon? Sperrt sich ein Kunde gegen die Abnahme eines Projektes oder h\u00e4lt er aus Ihrer Sicht unberechtigt Gelder ein? Droht eine gerichtliche Auseinandersetzung oder ist dieser gar im Gange?<\/p>\n<p>Wenn Sie eine dieser Fragen mit \u201eja\u201c beantwortet haben, w\u00e4re die Zeit gekommen, eine neutrale sachverst\u00e4ndige Bestandsaufnahme einzuholen.<\/p>\n<p>Wir bieten f\u00fcr derartige F\u00e4lle folgende Dienstleistungen an:<\/p>\n<ul>\n<li>Erstellung von Gutachten als IT Sachverst\u00e4ndiger \/ EDV Gutachter &#8211; f\u00fcr Gerichte, Beh\u00f6rden, Versicherungen und Firmen, u.A. f\u00fcr die Bewertung von Sch\u00e4den oder M\u00e4ngeln an EDV-Systemen<\/li>\n<li>Begutachtung von Buchhaltungs- und, ERP-Systemen<\/li>\n<li>Pr\u00fcfung von vertragsrelevanten Dokumenten, wie z.B. Lastenheft, Pflichtenheft, Fachkonzepte, Leistungsbeschreibungen, usw.<\/li>\n<li>Durchf\u00fchrung von Schlichtungen, Mediationen<\/li>\n<li>Erstellung von Schiedsgutachten<\/li>\n<\/ul>\n<p>Fragen? Rufen Sie uns an oder stellen Sie eine Anfrage im Kontaktformular.<\/p>\n","protected":false},"excerpt":{"rendered":"<p>Wenn mal etwas schief geht oder unterschiedliche Meinungen \u00fcber die Umsetzung von IT-Projekten bestehen, kann eine unabh\u00e4ngige und sachverst\u00e4ndige Meinung wichtig werden. Streit, \u00c4rger, Ungereimtheiten bei IT Projekten? Haben Sie Probleme bei der Umsetzung eines IT-Projektes? H\u00e4lt die erworbene Software nicht das, was Ihnen versprochen worden ist? Laufen Ihnen die Kosten f\u00fcr ein Projekt davon?<\/p>\n<p class=\"more-link\"><a href=\"http:\/\/wp.mmj-edv.de\/?page_id=43\" class=\"themebutton\">Read More<\/a><\/p>\n","protected":false},"author":1,"featured_media":22,"parent":0,"menu_order":3,"comment_status":"closed","ping_status":"closed","template":"","meta":[],"_links":{"self":[{"href":"http:\/\/wp.mmj-edv.de\/index.php?rest_route=\/wp\/v2\/pages\/43"}],"collection":[{"href":"http:\/\/wp.mmj-edv.de\/index.php?rest_route=\/wp\/v2\/pages"}],"about":[{"href":"http:\/\/wp.mmj-edv.de\/index.php?rest_route=\/wp\/v2\/types\/page"}],"author":[{"embeddable":true,"href":"http:\/\/wp.mmj-edv.de\/index.php?rest_route=\/wp\/v2\/users\/1"}],"replies":[{"embeddable":true,"href":"http:\/\/wp.mmj-edv.de\/index.php?rest_route=%2Fwp%2Fv2%2Fcomments&post=43"}],"version-history":[{"count":5,"href":"http:\/\/wp.mmj-edv.de\/index.php?rest_route=\/wp\/v2\/pages\/43\/revisions"}],"predecessor-version":[{"id":118,"href":"http:\/\/wp.mmj-edv.de\/index.php?rest_route=\/wp\/v2\/pages\/43\/revisions\/118"}],"wp:featuredmedia":[{"embeddable":true,"href":"http:\/\/wp.mmj-edv.de\/index.php?rest_route=\/wp\/v2\/media\/22"}],"wp:attachment":[{"href":"http:\/\/wp.mmj-edv.de\/index.php?rest_route=%2Fwp%2Fv2%2Fmedia&parent=43"}],"curies":[{"name":"wp","href":"https:\/\/api.w.org\/{rel}","templated":true}]}}